{"id":1918,"date":"2022-08-16T07:21:31","date_gmt":"2022-08-16T05:21:31","guid":{"rendered":"https:\/\/www.complyant.ch\/logiciel\/software-as-a-service\/"},"modified":"2024-07-12T09:11:59","modified_gmt":"2024-07-12T07:11:59","slug":"logiciel-en-tant-que-service","status":"publish","type":"page","link":"https:\/\/www.complyant.ch\/fr\/logiciel\/logiciel-en-tant-que-service\/","title":{"rendered":"Logiciel en tant que service"},"content":{"rendered":"<h1>Software as a Service (SaaS) : il n&rsquo;y a pas plus simple.<\/h1>\n<div>\n<p>La solution agile, orient\u00e9e vers l&rsquo;avenir et durable.<\/p>\n<\/div>\n<div>\n<div>Nous vous montrons comment faire.<\/div>\n<p><a href=\"https:\/\/www.complyant.ch\/fr\/legal-compliance\/#demobuchen\">R\u00e9servez une d\u00e9mo gratuite maintenant&nbsp;!<\/a><\/p>\n<\/div>\n<ul>\n<li>\n<p><img decoding=\"async\" src=\"\/wp-content\/uploads\/2022\/08\/simple.svg\" alt=\"\"><\/p>\n<h3>Vraiment simple<\/h3>\n<div>\n<p>Directement utilisable via le navigateur, orient\u00e9 vers la pratique et facile \u00e0 utiliser.<\/p>\n<\/div>\n<\/li>\n<li>\n<p><img decoding=\"async\" src=\"\/wp-content\/uploads\/2022\/08\/skalierbar.svg\" alt=\"\"><\/p>\n<h3>\u00c9volutif<\/h3>\n<div>\n<p>Modulaire et multi-tenant, multilingue et ind\u00e9pendant du lieu.<\/p>\n<\/div>\n<\/li>\n<li>\n<p><img decoding=\"async\" src=\"\/wp-content\/uploads\/2022\/08\/secure.svg\" alt=\"\"><\/p>\n<h3>Fiable et s\u00fbr<\/h3>\n<div>\n<p>Syst\u00e8me solide dans un environnement d&rsquo;h\u00e9bergement suisse, avec authentification \u00e0 2 facteurs.<\/p>\n<\/div>\n<\/li>\n<li>\n<p><img decoding=\"async\" src=\"\/wp-content\/uploads\/2022\/08\/aktuell.svg\" alt=\"\"><\/p>\n<h3>Actualis\u00e9 \u00e0 tout moment<\/h3>\n<div>\n<p>Actualisations et mises \u00e0 jour r\u00e9guli\u00e8res des recueils de lois suisses (Conf\u00e9d\u00e9ration et cantons).<\/p>\n<\/div>\n<\/li>\n<\/ul>\n<div>\n<p>Avec la solution cloud avanc\u00e9e de COMPLYANT, vous disposez d&rsquo;une solution de location SaaS pratique, flexible et \u00e0 l&rsquo;\u00e9preuve du temps.<\/p>\n<p>L&rsquo;utilisation est tr\u00e8s simple : vous vous connectez via votre navigateur et vous d\u00e9marrez, sur place, \u00e0 l&rsquo;ext\u00e9rieur et m\u00eame en d\u00e9placement, ind\u00e9pendamment du syst\u00e8me d&rsquo;exploitation. La solution est con\u00e7ue de mani\u00e8re modulaire et vous permet d&rsquo;\u00e9largir \u00e0 tout moment l&rsquo;\u00e9tendue de l&rsquo;utilisation. SaaS peut ainsi \u00e9voluer de mani\u00e8re organique, en fonction des besoins de votre entreprise.<\/p>\n<p>Les mises \u00e0 jour p\u00e9riodiques sont effectu\u00e9es en ligne pour vous et les modifications sont clairement affich\u00e9es afin que votre entreprise soit toujours \u00e0 jour en ce qui concerne les prescriptions applicables.<\/p>\n<p>Les interfaces garantissent les synergies : Les informations provenant d&rsquo;outils, de bases de donn\u00e9es et de documents existants peuvent \u00eatre facilement int\u00e9gr\u00e9es. Cela garantit des donn\u00e9es coh\u00e9rentes sans gestion multiple dans tous les domaines de l&rsquo;entreprise.<\/p>\n<p>Enfin, la solution de service n&rsquo;est pas seulement durable au sens figur\u00e9 : l&rsquo;h\u00e9bergement de donn\u00e9es COMPLYANT SaaS repose sur une informatique verte qui m\u00e9nage le climat.<\/p>\n<\/div>\n<h3>Software-as-a-Service<\/h3>\n<div>\n<p>Nous proposons COMPLYANT en tant que variante en ligne efficace (Software as a Service). Outre une flexibilit\u00e9 maximale et une charge budg\u00e9taire r\u00e9duite, cela vous apporte les avantages suivants :<\/p>\n<ul>\n<li>Pas d&rsquo;immobilisation de capital ni d&rsquo;investissement initial important<\/li>\n<li>Frais annuels bas<\/li>\n<li>Pas d&rsquo;honoraires annuels de consultants<\/li>\n<li>Aucune installation n\u00e9cessaire<\/li>\n<li>Collaboration intersites, ind\u00e9pendamment du lieu<\/li>\n<li>S\u00e9curit\u00e9 et disponibilit\u00e9 maximales des donn\u00e9es<\/li>\n<li>S\u00e9curis\u00e9 par une authentification \u00e0 2 facteurs<\/li>\n<li>Pas de surcro\u00eet de travail pour l&rsquo;administration et les sp\u00e9cialistes informatiques<\/li>\n<li>Standardis\u00e9 et compatible avec les solutions informatiques modernes<\/li>\n<\/ul>\n<\/div>\n<h3>H\u00e9bergement \u00e9cologique<\/h3>\n<div>\n<p>Nous travaillons avec un centre de donn\u00e9es suisse de haute s\u00e9curit\u00e9, qui a \u00e9t\u00e9 r\u00e9compens\u00e9 \u00e0 plusieurs reprises pour son h\u00e9bergement \u00e0 faible \u00e9mission :<\/p>\n<ul>\n<li>Fournisseur d&rsquo;h\u00e9bergement certifi\u00e9 ISO 14001 et ISO 50001<\/li>\n<li>Centre de calcul le plus respectueux de l&rsquo;environnement de Suisse<\/li>\n<li>100% de l&rsquo;\u00e9lectricit\u00e9 provient de sources d&rsquo;\u00e9nergie renouvelables<\/li>\n<li>Compensation de 200% des \u00e9missions de CO2<\/li>\n<\/ul>\n<\/div>\n<p><!--more--><br \/>\n<!-- {\"name\":\"Post\",\"type\":\"layout\",\"children\":[{\"type\":\"section\",\"props\":{\"css\":\".el-section {\\n\\tborder-bottom:1px solid #868585;\\n}\",\"image\":\"wp-content\\\/uploads\\\/2022\\\/08\\\/Particles-0.1s-2000px.svg\",\"image_position\":\"center-center\",\"image_size\":\"cover\",\"overlap\":false,\"padding\":\"large\",\"style\":\"default\",\"title_breakpoint\":\"xl\",\"title_position\":\"top-left\",\"title_rotation\":\"left\",\"vertical_align\":\"middle\",\"width\":\"default\"},\"children\":[{\"type\":\"row\",\"children\":[{\"type\":\"column\",\"props\":{\"image_position\":\"center-center\",\"position_sticky_breakpoint\":\"m\",\"width_medium\":\"2-3\"},\"children\":[{\"type\":\"headline\",\"props\":{\"content\":\"Software as a Service (SaaS) : il n'y a pas plus simple.\",\"title_color\":\"background\",\"title_element\":\"h1\",\"title_style\":\"heading-small\"}},{\"type\":\"text\",\"props\":{\"column_breakpoint\":\"m\",\"content\":\"\n\n<p>La solution agile, orient\\u00e9e vers l'avenir et durable.<\\\/p>\",\"margin\":\"default\",\"maxwidth\":\"2xlarge\",\"text_style\":\"lead\"}}]},{\"type\":\"column\",\"props\":{\"image_position\":\"center-center\",\"position_sticky_breakpoint\":\"m\",\"width_medium\":\"1-3\"},\"children\":[{\"type\":\"panel\",\"props\":{\"block_align\":\"right\",\"block_align_breakpoint\":\"m\",\"block_align_fallback\":\"center\",\"content\":\"\",\"content_column_breakpoint\":\"m\",\"css\":\".el-element > a.uk-card {\\n  max-width: 300px;\\n  height: 300px;\\n  border-radius: 150px;\\n  display: flex !important;\\n  flex-direction: column;\\n  justify-content: center;\\n  transform: rotate(-12deg);\\n}\\n\\n.el-element > a.uk-card:hover {\\n\\tbox-shadow: rgb(38, 57, 77) 0px 20px 30px -10px;\\n}\\n\\n.el-element > a.uk-card:hover .el-link {\\n\\tcolor:#ef7171;\\n}\\n\\n.el-title, .el-meta {\\n    font-size:1.6rem;\\n\\tcolor:#fff;\\n\\tline-height:35px;\\n}\\n\\n.el-link {\\n\\tcolor:#fff;\\n}\\n\\n.uk-card {\\n    position: relative;\\n    z-index: 1;\\n}\\n\\n.uk-card::after {\\n    content: '';\\n    position: absolute;\\n    top: 50%;\\n    left: 50%;\\n    width: 100%;\\n    height: 100%;\\n    background: rgba(0, 0, 0, 0.1);\\n    border-radius: 50%;\\n    transform: translate(-50%, -50%) scale(1);\\n    animation: pulse 2s infinite;\\n    z-index: -1;\\n}\\n\\n@keyframes pulse {\\n    0% {\\n        transform: translate(-50%, -50%) scale(1);\\n        opacity: 1;\\n    }\\n    100% {\\n        transform: translate(-50%, -50%) scale(1.5);\\n        opacity: 0;\\n    }\\n}\",\"icon_width\":80,\"image_align\":\"top\",\"image_grid_breakpoint\":\"m\",\"image_grid_width\":\"1-2\",\"image_svg_color\":\"emphasis\",\"link\":\"https:\\\/\\\/www.complyant.ch\\\/fr\\\/legal-compliance\\\/#demobuchen\",\"link_margin\":\"small\",\"link_style\":\"link-text\",\"link_text\":\"R\\u00e9servez une d\\u00e9mo gratuite maintenant&nbsp;!\",\"margin\":\"medium\",\"maxwidth\":\"2xlarge\",\"meta\":\"\",\"meta_align\":\"below-title\",\"meta_element\":\"div\",\"meta_margin\":\"small\",\"meta_style\":\"text-meta\",\"panel_link\":true,\"panel_padding\":\"small\",\"panel_style\":\"card-primary\",\"position_top\":\"-600\",\"text_align\":\"center\",\"title\":\"Nous vous montrons comment faire.\",\"title_align\":\"top\",\"title_element\":\"div\",\"title_grid_breakpoint\":\"m\",\"title_grid_width\":\"1-2\",\"title_hover_style\":\"reset\",\"title_style\":\"h2\"},\"name\":\"CTA Bubble \\\/ gr\\u00fcn \\u2013 FR\"}]}],\"props\":{\"layout\":\"2-3,1-3\"}}],\"name\":\"Hero\"},{\"type\":\"section\",\"props\":{\"animation\":\"slide-left-small\",\"animation_delay\":\"100\",\"image_position\":\"center-center\",\"padding\":\"large\",\"style\":\"muted\",\"title_breakpoint\":\"xl\",\"title_position\":\"top-left\",\"title_rotation\":\"left\",\"vertical_align\":\"middle\",\"width\":\"default\"},\"children\":[{\"type\":\"row\",\"children\":[{\"type\":\"column\",\"props\":{\"image_position\":\"center-center\",\"position_sticky_breakpoint\":\"m\"},\"children\":[{\"name\":\"Grid Parallax\",\"type\":\"grid\",\"children\":[{\"type\":\"grid_item\",\"props\":{\"content\":\"\n\n<p>Directement utilisable via le navigateur, orient\\u00e9 vers la pratique et facile \\u00e0 utiliser.<\\\/p>\",\"image\":\"wp-content\\\/uploads\\\/2022\\\/08\\\/simple.svg\",\"title\":\"Vraiment simple\"}},{\"type\":\"grid_item\",\"props\":{\"content\":\"\n\n<p>Modulaire et multi-tenant, multilingue et ind\\u00e9pendant du lieu.<\\\/p>\",\"image\":\"wp-content\\\/uploads\\\/2022\\\/08\\\/skalierbar.svg\",\"title\":\"\\u00c9volutif\"}},{\"type\":\"grid_item\",\"props\":{\"content\":\"\n\n<p>Syst\\u00e8me solide dans un environnement d'h\\u00e9bergement suisse, avec authentification \\u00e0 2 facteurs.<\\\/p>\",\"image\":\"wp-content\\\/uploads\\\/2022\\\/08\\\/secure.svg\",\"title\":\"Fiable et s\\u00fbr\"}},{\"type\":\"grid_item\",\"props\":{\"content\":\"\n\n<p>Actualisations et mises \\u00e0 jour r\\u00e9guli\\u00e8res des recueils de lois suisses (Conf\\u00e9d\\u00e9ration et cantons).<\\\/p>\",\"image\":\"wp-content\\\/uploads\\\/2022\\\/08\\\/aktuell.svg\",\"title\":\"Actualis\\u00e9 \\u00e0 tout moment\"}}],\"props\":{\"content_column_breakpoint\":\"m\",\"filter_align\":\"left\",\"filter_all\":true,\"filter_grid_breakpoint\":\"m\",\"filter_grid_width\":\"auto\",\"filter_position\":\"top\",\"filter_style\":\"tab\",\"grid_default\":\"1\",\"grid_medium\":\"4\",\"grid_parallax\":\"0\",\"grid_small\":\"2\",\"icon_width\":80,\"id\":\"grid-parallax\",\"image_align\":\"top\",\"image_grid_breakpoint\":\"m\",\"image_grid_width\":\"1-2\",\"image_height\":\"70\",\"image_svg_animate\":true,\"image_svg_color\":\"primary\",\"image_svg_inline\":true,\"image_width\":\"70\",\"item_animation\":true,\"link_style\":\"text\",\"link_text\":\"Read more\",\"margin\":\"default\",\"meta_align\":\"below-title\",\"meta_element\":\"div\",\"meta_style\":\"text-meta\",\"panel_padding\":\"default\",\"panel_style\":\"card-default\",\"parallax_breakpoint\":\"m\",\"parallax_easing\":\"1\",\"show_content\":true,\"show_image\":true,\"show_link\":true,\"show_meta\":true,\"show_title\":true,\"title_align\":\"top\",\"title_element\":\"h3\",\"title_grid_breakpoint\":\"m\",\"title_grid_width\":\"1-2\",\"title_hover_style\":\"reset\"}}]}]}],\"name\":\"Vorteile\"},{\"type\":\"section\",\"props\":{\"animation\":\"slide-left-small\",\"animation_delay\":\"100\",\"image_position\":\"center-center\",\"padding\":\"large\",\"padding_remove_bottom\":false,\"padding_remove_top\":true,\"style\":\"muted\",\"title_breakpoint\":\"xl\",\"title_position\":\"top-left\",\"title_rotation\":\"left\",\"vertical_align\":\"middle\",\"width\":\"default\"},\"children\":[{\"type\":\"row\",\"props\":{\"column_gap\":\"large\",\"layout\":\"3-5,2-5\",\"row_gap\":\"large\"},\"children\":[{\"type\":\"column\",\"props\":{\"image_position\":\"center-center\",\"position_sticky_breakpoint\":\"m\",\"width_medium\":\"3-5\"},\"children\":[{\"type\":\"text\",\"props\":{\"column_breakpoint\":\"m\",\"content\":\"\n\n<p>Avec la solution cloud avanc\\u00e9e de COMPLYANT, vous disposez d'une solution de location SaaS pratique, flexible et \\u00e0 l'\\u00e9preuve du temps.<\\\/p>\\n\n\n<p>L'utilisation est tr\\u00e8s simple : vous vous connectez via votre navigateur et vous d\\u00e9marrez, sur place, \\u00e0 l'ext\\u00e9rieur et m\\u00eame en d\\u00e9placement, ind\\u00e9pendamment du syst\\u00e8me d'exploitation. La solution est con\\u00e7ue de mani\\u00e8re modulaire et vous permet d'\\u00e9largir \\u00e0 tout moment l'\\u00e9tendue de l'utilisation. SaaS peut ainsi \\u00e9voluer de mani\\u00e8re organique, en fonction des besoins de votre entreprise.<\\\/p>\\n\n\n<p>Les mises \\u00e0 jour p\\u00e9riodiques sont effectu\\u00e9es en ligne pour vous et les modifications sont clairement affich\\u00e9es afin que votre entreprise soit toujours \\u00e0 jour en ce qui concerne les prescriptions applicables.<\\\/p>\\n\n\n<p>Les interfaces garantissent les synergies : Les informations provenant d'outils, de bases de donn\\u00e9es et de documents existants peuvent \\u00eatre facilement int\\u00e9gr\\u00e9es. Cela garantit des donn\\u00e9es coh\\u00e9rentes sans gestion multiple dans tous les domaines de l'entreprise.<\\\/p>\\n\n\n<p>Enfin, la solution de service n'est pas seulement durable au sens figur\\u00e9 : l'h\\u00e9bergement de donn\\u00e9es COMPLYANT SaaS repose sur une informatique verte qui m\\u00e9nage le climat.<\\\/p>\",\"margin\":\"medium\"}}]},{\"type\":\"column\",\"props\":{\"image_position\":\"center-center\",\"position_sticky\":\"column\",\"position_sticky_breakpoint\":\"m\",\"position_sticky_offset\":\"150\",\"style\":\"tile-primary\",\"width_medium\":\"2-5\"},\"children\":[{\"type\":\"headline\",\"props\":{\"content\":\"Software-as-a-Service\",\"title_decoration\":\"line\",\"title_element\":\"h3\"}},{\"type\":\"text\",\"props\":{\"column_breakpoint\":\"m\",\"content\":\"\n\n<p>Nous proposons COMPLYANT en tant que variante en ligne efficace (Software as a Service). Outre une flexibilit\\u00e9 maximale et une charge budg\\u00e9taire r\\u00e9duite, cela vous apporte les avantages suivants :<\\\/p>\\n\n\n<ul>\\n\n\n<li>Pas d'immobilisation de capital ni d'investissement initial important<\\\/li>\\n\n\n<li>Frais annuels bas<\\\/li>\\n\n\n<li>Pas d'honoraires annuels de consultants<\\\/li>\\n\n\n<li>Aucune installation n\\u00e9cessaire<\\\/li>\\n\n\n<li>Collaboration intersites, ind\\u00e9pendamment du lieu<\\\/li>\\n\n\n<li>S\\u00e9curit\\u00e9 et disponibilit\\u00e9 maximales des donn\\u00e9es<\\\/li>\\n\n\n<li>S\\u00e9curis\\u00e9 par une authentification \\u00e0 2 facteurs<\\\/li>\\n\n\n<li>Pas de surcro\\u00eet de travail pour l'administration et les sp\\u00e9cialistes informatiques<\\\/li>\\n\n\n<li>Standardis\\u00e9 et compatible avec les solutions informatiques modernes<\\\/li>\\n<\\\/ul>\",\"margin\":\"default\"}},{\"type\":\"headline\",\"props\":{\"content\":\"H\\u00e9bergement \\u00e9cologique\",\"title_decoration\":\"line\",\"title_element\":\"h3\"}},{\"type\":\"text\",\"props\":{\"column_breakpoint\":\"m\",\"content\":\"\n\n<p>Nous travaillons avec un centre de donn\\u00e9es suisse de haute s\\u00e9curit\\u00e9, qui a \\u00e9t\\u00e9 r\\u00e9compens\\u00e9 \\u00e0 plusieurs reprises pour son h\\u00e9bergement \\u00e0 faible \\u00e9mission :<\\\/p>\\n\n\n<ul>\\n\n\n<li>Fournisseur d'h\\u00e9bergement certifi\\u00e9 ISO 14001 et ISO 50001<\\\/li>\\n\n\n<li>Centre de calcul le plus respectueux de l'environnement de Suisse<\\\/li>\\n\n\n<li>100% de l'\\u00e9lectricit\\u00e9 provient de sources d'\\u00e9nergie renouvelables<\\\/li>\\n\n\n<li>Compensation de 200% des \\u00e9missions de CO2<\\\/li>\\n<\\\/ul>\",\"margin\":\"default\"}}]}]}],\"name\":\"Body\"}],\"version\":\"4.3.6\"} --><\/p>\n","protected":false},"excerpt":{"rendered":"<p>Software as a Service (SaaS) : il n&rsquo;y a pas plus simple. La solution agile, orient\u00e9e vers l&rsquo;avenir et durable. Nous vous montrons comment faire. R\u00e9servez une d\u00e9mo gratuite maintenant&nbsp;! Vraiment simple Directement utilisable via le navigateur, orient\u00e9 vers la pratique et facile \u00e0 utiliser. \u00c9volutif Modulaire et multi-tenant, multilingue et ind\u00e9pendant du lieu. Fiable [&hellip;]<\/p>\n","protected":false},"author":1,"featured_media":0,"parent":1910,"menu_order":1,"comment_status":"closed","ping_status":"closed","template":"","meta":{"_acf_changed":false,"footnotes":""},"class_list":["post-1918","page","type-page","status-publish","hentry"],"acf":[],"_links":{"self":[{"href":"https:\/\/www.complyant.ch\/fr\/wp-json\/wp\/v2\/pages\/1918","targetHints":{"allow":["GET"]}}],"collection":[{"href":"https:\/\/www.complyant.ch\/fr\/wp-json\/wp\/v2\/pages"}],"about":[{"href":"https:\/\/www.complyant.ch\/fr\/wp-json\/wp\/v2\/types\/page"}],"author":[{"embeddable":true,"href":"https:\/\/www.complyant.ch\/fr\/wp-json\/wp\/v2\/users\/1"}],"replies":[{"embeddable":true,"href":"https:\/\/www.complyant.ch\/fr\/wp-json\/wp\/v2\/comments?post=1918"}],"version-history":[{"count":10,"href":"https:\/\/www.complyant.ch\/fr\/wp-json\/wp\/v2\/pages\/1918\/revisions"}],"predecessor-version":[{"id":4079,"href":"https:\/\/www.complyant.ch\/fr\/wp-json\/wp\/v2\/pages\/1918\/revisions\/4079"}],"up":[{"embeddable":true,"href":"https:\/\/www.complyant.ch\/fr\/wp-json\/wp\/v2\/pages\/1910"}],"wp:attachment":[{"href":"https:\/\/www.complyant.ch\/fr\/wp-json\/wp\/v2\/media?parent=1918"}],"curies":[{"name":"wp","href":"https:\/\/api.w.org\/{rel}","templated":true}]}}