{"id":1950,"date":"2022-08-16T09:40:37","date_gmt":"2022-08-16T07:40:37","guid":{"rendered":"https:\/\/www.complyant.ch\/solution\/chemie-pharma\/"},"modified":"2026-03-05T13:22:18","modified_gmt":"2026-03-05T12:22:18","slug":"chimie-et-pharmacie","status":"publish","type":"page","link":"https:\/\/www.complyant.ch\/fr\/solution\/chimie-et-pharmacie\/","title":{"rendered":"Chimie et pharmacie"},"content":{"rendered":"<h1>COMPLYANT pour la chimie et la pharmacie<\/h1>\n<div>\n<p>Faites-vous une id\u00e9e concr\u00e8te de la mani\u00e8re dont notre solution est parfaitement adapt\u00e9e aux besoins EHS de ce secteur.<\/p>\n<\/div>\n<p>\n    <a href=\"#complyant\">Explication simple<\/a>\n<\/p>\n<div>\n<div>Nous vous montrons comment faire.<\/div>\n<p><a href=\"https:\/\/www.complyant.ch\/fr\/legal-compliance\/#demobuchen\">R\u00e9servez une d\u00e9mo gratuite maintenant&nbsp;!<\/a><\/p>\n<\/div>\n<p><img decoding=\"async\" src=\"\/wp-content\/uploads\/2022\/08\/pharma-01.jpg\" alt=\"\"><\/p>\n<h1>COMPLYANT expliqu\u00e9 simplement<\/h1>\n<p><iframe src=\"https:\/\/youtu.be\/pGfKlx5Kl1k?rel=0\"><\/iframe><\/p>\n<div>\n<h3>Nous vous montrons comment faire.<\/h3>\n<p><a href=\"https:\/\/www.complyant.ch\/fr\/legal-compliance\/#demobuchen\">R\u00e9servez une d\u00e9mo gratuite maintenant&nbsp;!<\/a><\/p>\n<\/div>\n<ul>\n<li>\n<p><img decoding=\"async\" src=\"\/wp-content\/uploads\/2022\/08\/gesetzesgrundlagen.svg\" alt=\"\"><\/p>\n<h3>Bases l\u00e9gales actuelles<\/h3>\n<div>\n<p>Des mises \u00e0 jour r\u00e9guli\u00e8res garantissent un self-assessment sur une base toujours actuelle.<\/p>\n<\/div>\n<\/li>\n<li>\n<p><img decoding=\"async\" src=\"\/wp-content\/uploads\/2022\/08\/rechtsicherheit.svg\" alt=\"\"><\/p>\n<h3>S\u00e9curit\u00e9 juridique<\/h3>\n<div>\n<p>La couverture et le respect de toutes les r\u00e9glementations minimisent le risque de responsabilit\u00e9.<\/p>\n<\/div>\n<\/li>\n<li>\n<p><img decoding=\"async\" src=\"\/wp-content\/uploads\/2022\/08\/knowhow_transfer.svg\" alt=\"\"><\/p>\n<h3>Transfert de savoir-faire<\/h3>\n<div>\n<p>La documentation centrale des processus et infrastructures pertinents permet un transfert durable de savoir-faire.<\/p>\n<\/div>\n<\/li>\n<li>\n<p><img decoding=\"async\" src=\"\/wp-content\/uploads\/2022\/08\/effizienz.svg\" alt=\"\"><\/p>\n<h3>Augmen&shy;tation de l&rsquo;efficacit\u00e9<\/h3>\n<div>\n<p>Des responsabilit\u00e9s claires et des flux de travail fluides r\u00e9duisent le temps et les co\u00fbts.<\/p>\n<\/div>\n<\/li>\n<\/ul>\n<div>\n<p class=\"uk-text-lead\">L&rsquo;industrie chimique et pharmaceutique est de plus en plus confront\u00e9e \u00e0 une hausse des co\u00fbts et \u00e0 une pression concurrentielle accrue. Il s&rsquo;agit en outre de mener \u00e0 bien la transformation num\u00e9rique.<\/p>\n<p>En outre, la branche doit tenir compte d&rsquo;un grand nombre de r\u00e9glementations l\u00e9gales en mati\u00e8re de protection de l&rsquo;environnement, du travail et de la sant\u00e9. Pour assurer le succ\u00e8s durable de l&rsquo;entreprise, il est essentiel de conna\u00eetre tous les dangers possibles dans l&rsquo;environnement de travail, de mettre en place des mesures de protection et d&rsquo;instruire les collaborateurs de mani\u00e8re ad\u00e9quate. Pour cela, il est indispensable de conna\u00eetre les exigences d\u00e9taill\u00e9es, par exemple en mati\u00e8re de classification des substances et des pr\u00e9parations (r\u00e8glement CLP de l&rsquo;UE), et d&rsquo;\u00eatre inform\u00e9 des interdictions de fabrication selon l&rsquo;ORRChim ou des dispositions relatives \u00e0 l&rsquo;importation et \u00e0 l&rsquo;exportation selon l&rsquo;ORPChim. Lors de la manipulation d&rsquo;organismes pathog\u00e8nes, le respect des dispositions en vigueur selon l&rsquo;ordonnance sur l&rsquo;utilisation confin\u00e9e (OUC) et l&rsquo;ordonnance sur la protection des travailleurs contre les risques li\u00e9s aux microorganismes (OPTM) doit \u00eatre garanti.<\/p>\n<p>Avec COMPLYANT, vous facilitez le travail des responsables et de tous les collaborateurs, vous \u00e9conomisez du temps et des co\u00fbts. Notre solution cloud, bas\u00e9e sur une application de plateforme API ultramoderne, assure un screening efficace de toutes les prescriptions &#8211; sur tous les sites et d\u00e9partements, de mani\u00e8re modulaire, multilingue et ind\u00e9pendamment du syst\u00e8me d&rsquo;exploitation.<\/p>\n<p>Des entreprises leaders du secteur chimique et pharmaceutique font confiance \u00e0 notre service efficace et complet, qui est d\u00e9sormais disponible sous forme de solution SaaS bas\u00e9e sur un navigateur.<\/p>\n<\/div>\n<p><a href=\"https:\/\/www.complyant.ch\/fr\/legal-compliance\/#demo\"><img decoding=\"async\" src=\"\/wp-content\/uploads\/2023\/07\/demo_buchen-branche_cta.png\" alt=\"\"><\/a><\/p>\n<div>\n<h3>R\u00e9servez une d\u00e9mo gratuite maintenant !<\/h3>\n<div>\n<p>Nous vous guiderons \u00e0 travers l&rsquo;application lors d&rsquo;une r\u00e9union en ligne et r\u00e9pondrons \u00e0 vos questions.<\/p>\n<\/div>\n<p><a href=\"https:\/\/www.complyant.ch\/fr\/legal-compliance\/#demo\">Aller au formulaire<\/a><\/p>\n<\/div>\n<div>\n<\/div>\n<p><!--more--><br \/>\n<!-- {\"name\":\"Post\",\"type\":\"layout\",\"children\":[{\"type\":\"section\",\"props\":{\"css\":\".el-section {\\n\\tborder-bottom:1px solid #868585;\\n}\",\"image\":\"wp-content\\\/uploads\\\/2022\\\/08\\\/Particles-0.1s-2000px.svg\",\"image_position\":\"center-center\",\"image_size\":\"cover\",\"overlap\":false,\"padding\":\"large\",\"style\":\"default\",\"title_breakpoint\":\"xl\",\"title_position\":\"top-left\",\"title_rotation\":\"left\",\"vertical_align\":\"middle\",\"width\":\"default\"},\"children\":[{\"type\":\"row\",\"children\":[{\"type\":\"column\",\"props\":{\"image_position\":\"center-center\",\"position_sticky_breakpoint\":\"m\",\"width_medium\":\"2-3\"},\"children\":[{\"type\":\"headline\",\"props\":{\"content\":\"COMPLYANT pour la chimie et la pharmacie\",\"title_color\":\"background\",\"title_element\":\"h1\",\"title_style\":\"heading-small\"}},{\"type\":\"text\",\"props\":{\"column_breakpoint\":\"m\",\"content\":\"\n\n<p>Faites-vous une id\\u00e9e concr\\u00e8te de la mani\\u00e8re dont notre solution est parfaitement adapt\\u00e9e aux besoins EHS de ce secteur.<\\\/p>\",\"margin\":\"default\",\"maxwidth\":\"2xlarge\",\"text_style\":\"lead\"}},{\"type\":\"button\",\"props\":{\"block_align\":\"center\",\"grid_column_gap\":\"small\",\"grid_row_gap\":\"small\",\"margin\":\"large\",\"text_align\":\"left\",\"text_align_breakpoint\":\"m\",\"text_align_fallback\":\"center\"},\"children\":[{\"type\":\"button_item\",\"props\":{\"button_style\":\"primary\",\"content\":\"Explication simple\",\"icon\":\"play-circle\",\"icon_align\":\"right\",\"link\":\"#complyant\"}}],\"name\":\"Scrollbutton \\\/ gr\\u00fcn \\u2013 FR\"}]},{\"type\":\"column\",\"props\":{\"image_position\":\"center-center\",\"position_sticky_breakpoint\":\"m\",\"width_medium\":\"1-3\"},\"children\":[{\"type\":\"panel\",\"props\":{\"block_align\":\"right\",\"block_align_breakpoint\":\"m\",\"block_align_fallback\":\"center\",\"content\":\"\",\"content_column_breakpoint\":\"m\",\"css\":\".el-element > a.uk-card {\\n  max-width: 300px;\\n  height: 300px;\\n  border-radius: 150px;\\n  display: flex !important;\\n  flex-direction: column;\\n  justify-content: center;\\n  transform: rotate(-12deg);\\n}\\n\\n.el-element > a.uk-card:hover {\\n\\tbox-shadow: rgb(38, 57, 77) 0px 20px 30px -10px;\\n}\\n\\n.el-element > a.uk-card:hover .el-link {\\n\\tcolor:#ef7171;\\n}\\n\\n.el-title, .el-meta {\\n    font-size:1.6rem;\\n\\tcolor:#fff;\\n\\tline-height:35px;\\n}\\n\\n.el-link {\\n\\tcolor:#fff;\\n}\\n\\n.uk-card {\\n    position: relative;\\n    z-index: 1;\\n}\\n\\n.uk-card::after {\\n    content: '';\\n    position: absolute;\\n    top: 50%;\\n    left: 50%;\\n    width: 100%;\\n    height: 100%;\\n    background: rgba(0, 0, 0, 0.1);\\n    border-radius: 50%;\\n    transform: translate(-50%, -50%) scale(1);\\n    animation: pulse 2s infinite;\\n    z-index: -1;\\n}\\n\\n@keyframes pulse {\\n    0% {\\n        transform: translate(-50%, -50%) scale(1);\\n        opacity: 1;\\n    }\\n    100% {\\n        transform: translate(-50%, -50%) scale(1.5);\\n        opacity: 0;\\n    }\\n}\",\"icon_width\":80,\"image_align\":\"top\",\"image_grid_breakpoint\":\"m\",\"image_grid_width\":\"1-2\",\"image_svg_color\":\"emphasis\",\"link\":\"https:\\\/\\\/www.complyant.ch\\\/fr\\\/legal-compliance\\\/#demobuchen\",\"link_margin\":\"small\",\"link_style\":\"link-text\",\"link_text\":\"R\\u00e9servez une d\\u00e9mo gratuite maintenant&nbsp;!\",\"margin\":\"medium\",\"maxwidth\":\"2xlarge\",\"meta\":\"\",\"meta_align\":\"below-title\",\"meta_element\":\"div\",\"meta_margin\":\"small\",\"meta_style\":\"text-meta\",\"panel_link\":true,\"panel_padding\":\"small\",\"panel_style\":\"card-primary\",\"position_top\":\"-600\",\"text_align\":\"center\",\"title\":\"Nous vous montrons comment faire.\",\"title_align\":\"top\",\"title_element\":\"div\",\"title_grid_breakpoint\":\"m\",\"title_grid_width\":\"1-2\",\"title_hover_style\":\"reset\",\"title_style\":\"h2\",\"visibility\":\"m\"},\"name\":\"CTA Bubble \\\/ gr\\u00fcn \\u2013 FR\"}]}],\"props\":{\"layout\":\"2-3,1-3\"}}],\"name\":\"Hero\"},{\"type\":\"section\",\"props\":{\"image_effect\":\"parallax\",\"image_parallax_bgy\":\"50,-50\",\"image_parallax_breakpoint\":\"m\",\"image_parallax_easing\":\"1\",\"image_position\":\"center-center\",\"image_size\":\"contain\",\"image_width\":\"2560\",\"padding\":\"none\",\"style\":\"muted\",\"title_breakpoint\":\"xl\",\"title_position\":\"top-left\",\"title_rotation\":\"left\",\"vertical_align\":\"middle\",\"width\":\"\"},\"children\":[{\"type\":\"row\",\"children\":[{\"type\":\"column\",\"props\":{\"image_position\":\"center-center\",\"position_sticky_breakpoint\":\"m\",\"width_medium\":\"1-1\"},\"children\":[{\"type\":\"image\",\"props\":{\"image\":\"wp-content\\\/uploads\\\/2022\\\/08\\\/pharma-01.jpg\",\"image_svg_color\":\"emphasis\",\"margin\":\"default\",\"text_align\":\"center\"}}]}]}],\"name\":\"Image Level 2\"},{\"type\":\"section\",\"props\":{\"animation\":\"slide-left-small\",\"animation_delay\":\"100\",\"id\":\"complyant\",\"image_position\":\"center-center\",\"padding\":\"large\",\"style\":\"muted\",\"title_breakpoint\":\"xl\",\"title_position\":\"top-left\",\"title_rotation\":\"left\",\"vertical_align\":\"middle\",\"width\":\"default\"},\"children\":[{\"type\":\"row\",\"children\":[{\"type\":\"column\",\"props\":{\"image_position\":\"center-center\",\"position_sticky_breakpoint\":\"m\"},\"children\":[{\"type\":\"headline\",\"props\":{\"content\":\"COMPLYANT expliqu\\u00e9 simplement\",\"title_element\":\"h1\"},\"name\":\"Headline - Einfach erkl\\u00e4rt\"},{\"type\":\"video\",\"props\":{\"css\":\"video {\\n\\tborder-radius:10px 10px 0px 0px;\\n}\",\"margin\":\"large\",\"margin_remove_bottom\":true,\"margin_remove_top\":true,\"video\":\"https:\\\/\\\/youtu.be\\\/pGfKlx5Kl1k?rel=0\",\"video_box_shadow\":\"large\",\"video_controls\":true,\"video_width\":\"1800\"},\"name\":\"Video \\u2013\\u00a0einfach erkl\\u00e4rt \\u2013 FR\"},{\"type\":\"panel\",\"props\":{\"content\":\"\",\"content_column_breakpoint\":\"m\",\"content_margin\":\"small\",\"css\":\".uk-card {\\n\\tborder-radius:0px 0px 10px 10px !important;\\n}\\n\\n.el-link {\\n\\tline-height:25px;\\n    padding:15px;\\n}\",\"icon\":\"\",\"icon_width\":80,\"image_align\":\"top\",\"image_grid_breakpoint\":\"m\",\"image_grid_width\":\"1-2\",\"image_svg_color\":\"emphasis\",\"link\":\"https:\\\/\\\/www.complyant.ch\\\/fr\\\/legal-compliance\\\/#demobuchen\",\"link_fullwidth\":true,\"link_style\":\"default\",\"link_text\":\"R\\u00e9servez une d\\u00e9mo gratuite maintenant&nbsp;!\",\"margin\":\"default\",\"margin_remove_top\":true,\"meta\":\"\",\"meta_align\":\"below-title\",\"meta_element\":\"div\",\"meta_margin\":\"small\",\"meta_style\":\"h4\",\"panel_link\":true,\"panel_padding\":\"default\",\"panel_style\":\"card-primary\",\"text_align\":\"left\",\"text_align_breakpoint\":\"m\",\"text_align_fallback\":\"center\",\"title\":\"Nous vous montrons comment faire.\",\"title_align\":\"left\",\"title_element\":\"h3\",\"title_grid_breakpoint\":\"m\",\"title_grid_width\":\"1-2\",\"title_hover_style\":\"reset\",\"title_style\":\"h2\"},\"name\":\"Video CTA \\u2013 FR\"},{\"name\":\"Grid Parallax\",\"type\":\"grid\",\"children\":[{\"type\":\"grid_item\",\"props\":{\"content\":\"\n\n<p>Des mises \\u00e0 jour r\\u00e9guli\\u00e8res garantissent un self-assessment sur une base toujours actuelle.<\\\/p>\",\"image\":\"wp-content\\\/uploads\\\/2022\\\/08\\\/gesetzesgrundlagen.svg\",\"title\":\"Bases l\\u00e9gales actuelles\"}},{\"type\":\"grid_item\",\"props\":{\"content\":\"\n\n<p>La couverture et le respect de toutes les r\\u00e9glementations minimisent le risque de responsabilit\\u00e9.<\\\/p>\",\"image\":\"wp-content\\\/uploads\\\/2022\\\/08\\\/rechtsicherheit.svg\",\"title\":\"S\\u00e9curit\\u00e9 juridique\"}},{\"type\":\"grid_item\",\"props\":{\"content\":\"\n\n<p>La documentation centrale des processus et infrastructures pertinents permet un transfert durable de savoir-faire.<\\\/p>\",\"image\":\"wp-content\\\/uploads\\\/2022\\\/08\\\/knowhow_transfer.svg\",\"title\":\"Transfert de savoir-faire\"}},{\"type\":\"grid_item\",\"props\":{\"content\":\"\n\n<p>Des responsabilit\\u00e9s claires et des flux de travail fluides r\\u00e9duisent le temps et les co\\u00fbts.<\\\/p>\",\"image\":\"wp-content\\\/uploads\\\/2022\\\/08\\\/effizienz.svg\",\"title\":\"Augmen&shy;tation de l'efficacit\\u00e9\"}}],\"props\":{\"content_column_breakpoint\":\"m\",\"filter_align\":\"left\",\"filter_all\":true,\"filter_grid_breakpoint\":\"m\",\"filter_grid_width\":\"auto\",\"filter_position\":\"top\",\"filter_style\":\"tab\",\"grid_default\":\"1\",\"grid_medium\":\"4\",\"grid_parallax\":\"0\",\"grid_small\":\"2\",\"icon_width\":80,\"id\":\"grid-parallax\",\"image_align\":\"top\",\"image_grid_breakpoint\":\"m\",\"image_grid_width\":\"1-2\",\"image_height\":\"70\",\"image_svg_animate\":true,\"image_svg_color\":\"primary\",\"image_svg_inline\":true,\"image_width\":\"70\",\"item_animation\":true,\"link_style\":\"text\",\"link_text\":\"Read more\",\"margin\":\"default\",\"meta_align\":\"below-title\",\"meta_element\":\"div\",\"meta_style\":\"text-meta\",\"panel_padding\":\"default\",\"panel_style\":\"card-default\",\"parallax_breakpoint\":\"m\",\"parallax_easing\":\"1\",\"show_content\":true,\"show_image\":true,\"show_link\":true,\"show_meta\":true,\"show_title\":true,\"title_align\":\"top\",\"title_element\":\"h3\",\"title_grid_breakpoint\":\"m\",\"title_grid_width\":\"1-2\",\"title_hover_style\":\"reset\"}}]}]}],\"name\":\"Vorteile \\u2013 FR\"},{\"type\":\"section\",\"props\":{\"animation\":\"slide-left-small\",\"animation_delay\":\"100\",\"image_position\":\"center-center\",\"padding\":\"large\",\"padding_remove_bottom\":false,\"padding_remove_top\":true,\"style\":\"muted\",\"title_breakpoint\":\"xl\",\"title_position\":\"top-left\",\"title_rotation\":\"left\",\"vertical_align\":\"middle\",\"width\":\"default\"},\"children\":[{\"type\":\"row\",\"props\":{\"column_gap\":\"large\",\"layout\":\"3-5,2-5\",\"row_gap\":\"large\"},\"children\":[{\"type\":\"column\",\"props\":{\"image_position\":\"center-center\",\"position_sticky_breakpoint\":\"m\",\"width_medium\":\"3-5\"},\"children\":[{\"type\":\"text\",\"props\":{\"column_breakpoint\":\"m\",\"content\":\"\n\n<p class=\\\"uk-text-lead\\\">L'industrie chimique et pharmaceutique est de plus en plus confront\\u00e9e \\u00e0 une hausse des co\\u00fbts et \\u00e0 une pression concurrentielle accrue. Il s'agit en outre de mener \\u00e0 bien la transformation num\\u00e9rique.<\\\/p>\\n\n\n<p>En outre, la branche doit tenir compte d'un grand nombre de r\\u00e9glementations l\\u00e9gales en mati\\u00e8re de protection de l'environnement, du travail et de la sant\\u00e9. Pour assurer le succ\\u00e8s durable de l'entreprise, il est essentiel de conna\\u00eetre tous les dangers possibles dans l'environnement de travail, de mettre en place des mesures de protection et d'instruire les collaborateurs de mani\\u00e8re ad\\u00e9quate. Pour cela, il est indispensable de conna\\u00eetre les exigences d\\u00e9taill\\u00e9es, par exemple en mati\\u00e8re de classification des substances et des pr\\u00e9parations (r\\u00e8glement CLP de l'UE), et d'\\u00eatre inform\\u00e9 des interdictions de fabrication selon l'ORRChim ou des dispositions relatives \\u00e0 l'importation et \\u00e0 l'exportation selon l'ORPChim. Lors de la manipulation d'organismes pathog\\u00e8nes, le respect des dispositions en vigueur selon l'ordonnance sur l'utilisation confin\\u00e9e (OUC) et l'ordonnance sur la protection des travailleurs contre les risques li\\u00e9s aux microorganismes (OPTM) doit \\u00eatre garanti.<\\\/p>\\n\n\n<p>Avec COMPLYANT, vous facilitez le travail des responsables et de tous les collaborateurs, vous \\u00e9conomisez du temps et des co\\u00fbts. Notre solution cloud, bas\\u00e9e sur une application de plateforme API ultramoderne, assure un screening efficace de toutes les prescriptions - sur tous les sites et d\\u00e9partements, de mani\\u00e8re modulaire, multilingue et ind\\u00e9pendamment du syst\\u00e8me d'exploitation.<\\\/p>\\n\n\n<p>Des entreprises leaders du secteur chimique et pharmaceutique font confiance \\u00e0 notre service efficace et complet, qui est d\\u00e9sormais disponible sous forme de solution SaaS bas\\u00e9e sur un navigateur.<\\\/p>\",\"margin\":\"medium\"}}]},{\"type\":\"column\",\"props\":{\"image_position\":\"center-center\",\"position_sticky\":\"column\",\"position_sticky_breakpoint\":\"m\",\"position_sticky_offset\":\"150\",\"width_medium\":\"2-5\"},\"children\":[{\"type\":\"image\",\"props\":{\"image\":\"wp-content\\\/uploads\\\/2023\\\/07\\\/demo_buchen-branche_cta.png\",\"image_svg_color\":\"emphasis\",\"image_width\":\"360\",\"link\":\"https:\\\/\\\/www.complyant.ch\\\/fr\\\/legal-compliance\\\/#demo\",\"margin\":\"default\",\"margin_remove_bottom\":true,\"text_align\":\"center\"},\"name\":\"CTA Patrizia \\u2013 FR\"},{\"type\":\"panel\",\"props\":{\"content\":\"\n\n<p>Nous vous guiderons \\u00e0 travers l'application lors d'une r\\u00e9union en ligne et r\\u00e9pondrons \\u00e0 vos questions.<\\\/p>\",\"content_column_breakpoint\":\"m\",\"css\":\".el-element > * {\\n    box-shadow: rgba(0, 0, 0, 0.16) 0px 10px 36px 0px, rgba(0, 0, 0, 0.06) 0px 0px 0px 1px;\\n}\\n\\n.el-element > *:hover {\\n    box-shadow: rgba(0, 0, 0, 0.56) 0px 22px 70px 4px;\\n}\\n\\n.el-element > *:hover .el-link { \\n\\tbackground-color: #009880;\\n\\tcolor: #fff;\\n\\tbox-shadow: rgba(0, 0, 0, 0.25) 0px 54px 55px, rgba(0, 0, 0, 0.12) 0px -12px 30px, rgba(0, 0, 0, 0.12) 0px 4px 6px, rgba(0, 0, 0, 0.17) 0px 12px 13px, rgba(0, 0, 0, 0.09) 0px -3px 5px;\\n}\\n\\n.uk-button-secondary:hover {\\n\\tcolor:#fff !important;\\n}\",\"icon_width\":80,\"image\":\"\",\"image_align\":\"top\",\"image_grid_breakpoint\":\"m\",\"image_grid_width\":\"1-2\",\"image_svg_color\":\"emphasis\",\"link\":\"https:\\\/\\\/www.complyant.ch\\\/fr\\\/legal-compliance\\\/#demo\",\"link_style\":\"primary\",\"link_text\":\"Aller au formulaire\",\"margin\":\"default\",\"margin_remove_top\":true,\"meta_align\":\"below-title\",\"meta_element\":\"div\",\"meta_style\":\"text-meta\",\"panel_link\":true,\"panel_padding\":\"default\",\"panel_style\":\"card-default\",\"text_align\":\"center\",\"title\":\"R\\u00e9servez une d\\u00e9mo gratuite maintenant !\",\"title_align\":\"top\",\"title_element\":\"h3\",\"title_grid_breakpoint\":\"m\",\"title_grid_width\":\"1-2\",\"title_hover_style\":\"reset\"},\"name\":\"CTA Demo \\u2013 FR\"}]}]}],\"name\":\"Body\"},{\"type\":\"section\",\"props\":{\"image_position\":\"center-center\",\"style\":\"default\",\"title_breakpoint\":\"xl\",\"title_position\":\"top-left\",\"title_rotation\":\"left\",\"vertical_align\":\"middle\",\"width\":\"default\"},\"children\":[{\"type\":\"row\",\"children\":[{\"type\":\"column\",\"props\":{\"image_position\":\"center-center\",\"position_sticky_breakpoint\":\"m\"},\"children\":[{\"name\":\"Zitateslider \\u2013 DE \\\/ FR\",\"type\":\"panel-slider\",\"children\":[{\"type\":\"panel-slider_item\",\"props\":{\"title\":\"\"},\"source\":{\"query\":{\"name\":\"referenzens.customReferenzens\",\"arguments\":{\"users\":[],\"users_operator\":\"IN\",\"offset\":0,\"limit\":10,\"order\":\"date\",\"order_direction\":\"DESC\",\"terms\":[17],\"kategorie_operator\":\"IN\"}},\"props\":{\"meta\":{\"filters\":{\"search\":\"\"},\"name\":\"field.absender\"},\"content\":{\"filters\":{\"search\":\"\"},\"name\":\"field.zitat\"},\"image\":{\"filters\":{\"search\":\"\"},\"name\":\"field.logo.url\"},\"image_alt\":{\"filters\":{\"search\":\"\"},\"name\":\"field.logo.alt\"}}}}],\"props\":{\"block_align\":\"center\",\"container_padding_remove\":true,\"content_column_breakpoint\":\"m\",\"content_margin\":\"small\",\"content_style\":\"heading-small\",\"css\":\".el-content p {\\n\\tcolor:#868585;\\n    font-size:30px !important;\\n    font-style:italic;\\n}\\n\\n.el-element {\\n\\twidth:70%;\\n}\",\"icon_width\":80,\"image_align\":\"top\",\"image_grid_breakpoint\":\"m\",\"image_grid_width\":\"1-2\",\"image_link\":false,\"image_svg_color\":\"emphasis\",\"image_width\":\"450\",\"link_margin\":\"large\",\"link_style\":\"text\",\"link_text\":\"Read More\",\"margin\":\"xlarge\",\"maxwidth\":\"2xlarge\",\"meta_align\":\"below-content\",\"meta_color\":\"secondary\",\"meta_element\":\"div\",\"meta_margin\":\"medium\",\"meta_style\":\"text-meta\",\"nav\":\"dotnav\",\"nav_align\":\"center\",\"nav_breakpoint\":\"\",\"nav_margin\":\"small\",\"panel_card_offset\":true,\"panel_image_no_padding\":true,\"panel_link\":false,\"panel_match\":true,\"show_content\":true,\"show_image\":true,\"show_link\":true,\"show_meta\":true,\"show_title\":true,\"slidenav\":\"\",\"slidenav_breakpoint\":\"m\",\"slidenav_margin\":\"medium\",\"slidenav_outside_breakpoint\":\"m\",\"slider_autoplay\":true,\"slider_autoplay_pause\":true,\"slider_center\":false,\"slider_gap\":\"large\",\"slider_sets\":true,\"slider_width\":\"fixed\",\"slider_width_default\":\"1-1\",\"slider_width_medium\":\"\",\"text_align\":\"center\",\"title_align\":\"top\",\"title_color\":\"primary\",\"title_element\":\"div\",\"title_grid_breakpoint\":\"m\",\"title_grid_width\":\"1-2\",\"title_hover_style\":\"reset\",\"title_link\":false,\"title_margin\":\"small\",\"title_style\":\"h4\"}}]}]}],\"name\":\"Zitateslider \\u2013 FR\"}],\"version\":\"4.3.6\"} --><\/p>\n","protected":false},"excerpt":{"rendered":"<p>COMPLYANT pour la chimie et la pharmacie Faites-vous une id\u00e9e concr\u00e8te de la mani\u00e8re dont notre solution est parfaitement adapt\u00e9e aux besoins EHS de ce secteur. Explication simple Nous vous montrons comment faire. R\u00e9servez une d\u00e9mo gratuite maintenant&nbsp;! COMPLYANT expliqu\u00e9 simplement Nous vous montrons comment faire. R\u00e9servez une d\u00e9mo gratuite maintenant&nbsp;! Bases l\u00e9gales actuelles Des [&hellip;]<\/p>\n","protected":false},"author":1,"featured_media":0,"parent":1927,"menu_order":3,"comment_status":"closed","ping_status":"closed","template":"","meta":{"_acf_changed":false,"footnotes":""},"class_list":["post-1950","page","type-page","status-publish","hentry"],"acf":[],"_links":{"self":[{"href":"https:\/\/www.complyant.ch\/fr\/wp-json\/wp\/v2\/pages\/1950","targetHints":{"allow":["GET"]}}],"collection":[{"href":"https:\/\/www.complyant.ch\/fr\/wp-json\/wp\/v2\/pages"}],"about":[{"href":"https:\/\/www.complyant.ch\/fr\/wp-json\/wp\/v2\/types\/page"}],"author":[{"embeddable":true,"href":"https:\/\/www.complyant.ch\/fr\/wp-json\/wp\/v2\/users\/1"}],"replies":[{"embeddable":true,"href":"https:\/\/www.complyant.ch\/fr\/wp-json\/wp\/v2\/comments?post=1950"}],"version-history":[{"count":20,"href":"https:\/\/www.complyant.ch\/fr\/wp-json\/wp\/v2\/pages\/1950\/revisions"}],"predecessor-version":[{"id":4774,"href":"https:\/\/www.complyant.ch\/fr\/wp-json\/wp\/v2\/pages\/1950\/revisions\/4774"}],"up":[{"embeddable":true,"href":"https:\/\/www.complyant.ch\/fr\/wp-json\/wp\/v2\/pages\/1927"}],"wp:attachment":[{"href":"https:\/\/www.complyant.ch\/fr\/wp-json\/wp\/v2\/media?parent=1950"}],"curies":[{"name":"wp","href":"https:\/\/api.w.org\/{rel}","templated":true}]}}