{"id":1989,"date":"2022-08-16T10:08:25","date_gmt":"2022-08-16T08:08:25","guid":{"rendered":"https:\/\/www.complyant.ch\/ueber-uns\/"},"modified":"2026-02-17T19:28:55","modified_gmt":"2026-02-17T18:28:55","slug":"a-propos-de-nous","status":"publish","type":"page","link":"https:\/\/www.complyant.ch\/fr\/a-propos-de-nous\/","title":{"rendered":"\u00c0 propos de nous"},"content":{"rendered":"<div>\n<div>Nous vous montrons comment faire.<\/div>\n<p><a href=\"https:\/\/www.complyant.ch\/fr\/legal-compliance\/#demobuchen\">R\u00e9servez une d\u00e9mo gratuite maintenant&nbsp;!<\/a><\/p>\n<\/div>\n<h1>Nous r\u00e9unissons \u00e9conomie, l\u00e9gislation et \u00e9cologie<\/h1>\n<div>COMPLYANT est un produit de IPSO ECO AG. En tant qu&rsquo;entreprise de conseil ind\u00e9pendante depuis 1987, nous sommes sp\u00e9cialis\u00e9s dans la gestion environnementale et la durabilit\u00e9 lors de la planification, de la construction et de l&rsquo;exploitation.<\/div>\n<p>\n    <a href=\"#team\">L&rsquo;\u00e9quipe<\/a>\n<\/p>\n<ul>\n<li>\n<p><img decoding=\"async\" src=\"\/wp-content\/uploads\/2022\/08\/praxisorientiert.svg\" alt=\"\"><\/p>\n<h3>Orient\u00e9 vers les solutions<\/h3>\n<div>\n<p>Nous concilions les int\u00e9r\u00eats \u00e9conomiques de nos clients avec les exigences de l&rsquo;environnement et de la l\u00e9gislation environnementale.<\/p>\n<\/div>\n<\/li>\n<li>\n<p><img decoding=\"async\" src=\"\/wp-content\/uploads\/2022\/08\/wirtschaftsorientiert.svg\" alt=\"\"><\/p>\n<h3>Objectifs de durabilit\u00e9 de l&rsquo;entreprise<\/h3>\n<div>\n<p>Nous contribuons de mani\u00e8re pratique \u00e0 la r\u00e9alisation d&rsquo;un d\u00e9veloppement durable de l&rsquo;entreprise (SDGs). Gr\u00e2ce \u00e0 nous, nos clients b\u00e9n\u00e9ficient d&rsquo;une base solide dans ce domaine.<\/p>\n<\/div>\n<\/li>\n<li>\n<p><img decoding=\"async\" src=\"\/wp-content\/uploads\/2022\/08\/vernetzt.svg\" alt=\"\"><\/p>\n<h3>Un r\u00e9seau de qualit\u00e9<\/h3>\n<div>\n<p>Notre vaste r\u00e9seau dans l&rsquo;industrie et les autorit\u00e9s ainsi que nos activit\u00e9s au sein de diff\u00e9rentes associations nous donnent une avance constante en mati\u00e8re de connaissances.<\/p>\n<\/div>\n<\/li>\n<li>\n<p><img decoding=\"async\" src=\"\/wp-content\/uploads\/2022\/08\/zukunftsorientiert.svg\" alt=\"\"><\/p>\n<h3>Tourn\u00e9 vers l&rsquo;avenir<\/h3>\n<div>\n<p>Nous connaissons les crit\u00e8res juridiques \u00e0 venir. Nous vous conseillons de telle sorte qu&rsquo;en mati\u00e8re d&rsquo;environnement, vous soyez pr\u00eats d\u00e8s aujourd&rsquo;hui pour les t\u00e2ches de demain.<\/p>\n<\/div>\n<\/li>\n<\/ul>\n<div>\n<p class=\"uk-text-lead\">IPSO ECO est une entreprise suisse ind\u00e9pendante de conseil en gestion environnementale et en durabilit\u00e9. Nous sommes l&rsquo;interlocuteur comp\u00e9tent pour toutes les entreprises dont les produits ou les services ont un impact sur l&rsquo;environnement. Nous les accompagnons de la planification \u00e0 l&rsquo;exploitation et au d\u00e9mant\u00e8lement, en passant par la construction.<\/p>\n<div>\n<p>Nous sommes une \u00e9quipe de professionnels bien connect\u00e9s. Nous mettons nos connaissances et notre exp\u00e9rience au service du d\u00e9veloppement de solutions d&rsquo;avenir pour les entreprises.<\/p>\n<p>Pour ce faire, nous analysons la situation de d\u00e9part et d\u00e9veloppons des solutions sur mesure. Ainsi, les entreprises des secteurs les plus divers peuvent satisfaire \u00e0 toutes les directives et crit\u00e8res pertinents en mati\u00e8re d&rsquo;\u00e9cologie, de gestion d&rsquo;entreprise et de droit de l&rsquo;environnement.<\/p>\n<\/div>\n<\/div>\n<p><img decoding=\"async\" src=\"\/wp-content\/uploads\/2022\/08\/ipsoeco_logo_rgb_rz.svg\" alt=\"\"><\/p>\n<ul>\n<li>\n<p><img decoding=\"async\" src=\"\/wp-content\/uploads\/2026\/02\/2026_01_27_IPSO_0507_Niklaus_Renner.jpg\" alt=\"\"><\/p>\n<h2>Niklaus Renner<\/h2>\n<p>Chef de projet Compliance Management Services \/ Auditeur SENSeRecycling \/ dipl\u00f4m\u00e9 en sciences naturelles de l&rsquo;environnement ETH<\/p>\n<\/li>\n<li>\n<p><img decoding=\"async\" src=\"\/wp-content\/uploads\/2026\/02\/2026_01_27_IPSO_0310_Patrik_Affentranger.jpg\" alt=\"\"><\/p>\n<h2>Patrik Affentranger<\/h2>\n<p>Directeur \/ Sp\u00e9cialiste dipl\u00f4m\u00e9 de la nature et de l&rsquo;environnement ES<\/p>\n<\/li>\n<li>\n<p><img decoding=\"async\" src=\"\/wp-content\/uploads\/2026\/02\/2026_01_27_IPSO_0355_Thekla_Scherer.jpg\" alt=\"\"><\/p>\n<h2>Thekla Scherer<\/h2>\n<p>Chef de projet RIE \/ SER \/ Protection de l&rsquo;air \/ dipl\u00f4m\u00e9e en sciences naturelles de l&rsquo;environnement ETH<\/p>\n<\/li>\n<li>\n<p><img decoding=\"async\" src=\"\/wp-content\/uploads\/2026\/02\/2026_01_27_IPSO_0572_Jiri_Jordan.jpg\" alt=\"\"><\/p>\n<h2>Jir\u00ed Jord\u00e1n<\/h2>\n<p>Chef de projet protection contre le bruit \/ biologiste dipl\u00f4m\u00e9 UZH<\/p>\n<\/li>\n<li>\n<p><img decoding=\"async\" src=\"\/wp-content\/uploads\/2026\/02\/2026_01_28_IPSO_0708_Marcel_Gabriel.jpg\" alt=\"\"><\/p>\n<h2>Marcel Gabriel<\/h2>\n<p>Chef de projet Incident \/ Risque Ing\u00e9nieur en environnement dipl\u00f4m\u00e9 ETH<\/p>\n<\/li>\n<li>\n<p><img decoding=\"async\" src=\"\/wp-content\/uploads\/2026\/02\/2026_01_28_IPSO_0916_Christian_Gurtner.jpg\" alt=\"\"><\/p>\n<h2>Christian Gurtner<\/h2>\n<p>Chef du d\u00e9partement d\u00e9construction et \u00e9limination des d\u00e9chets Sp\u00e9cialiste de la vente avec brevet f\u00e9d\u00e9ral<\/p>\n<\/li>\n<\/ul>\n<ul>\n<li>\n<p><img decoding=\"async\" src=\"\/wp-content\/uploads\/2022\/08\/swissness_square.svg\" alt=\"\"><\/p>\n<h3>D\u00e9velopp\u00e9 et h\u00e9berg\u00e9 en Suisse<\/h3>\n<\/li>\n<li>\n<p><img decoding=\"async\" src=\"\/wp-content\/uploads\/2022\/08\/iso.svg\" alt=\"\"><\/p>\n<h3>Align\u00e9 sur les syst\u00e8mes de gestion ISO 14001:2015 et ISO 45001:2018<\/h3>\n<\/li>\n<li>\n<p><img decoding=\"async\" src=\"\/wp-content\/uploads\/2022\/08\/compliant.svg\" alt=\"\"><\/p>\n<h3>Applicable aux directives de conformit\u00e9 internes ou \u00e0 l&rsquo;\u00e9valuation g\u00e9n\u00e9rale de la situation<\/h3>\n<\/li>\n<li>\n<p><img decoding=\"async\" src=\"\/wp-content\/uploads\/2022\/08\/reputation.svg\" alt=\"\"><\/p>\n<h3>Influence positivement la gouvernance d&rsquo;entreprise et la r\u00e9putation de l&rsquo;entreprise<\/h3>\n<\/li>\n<\/ul>\n<p><!--more--><br \/>\n<!-- {\"name\":\"Post\",\"type\":\"layout\",\"children\":[{\"name\":\"Hero \\u2013 Level 1\",\"type\":\"section\",\"props\":{\"animation\":\"slide-left-small\",\"animation_delay\":\"200\",\"css\":\"@media (min-width: 960px)  {\\n    .el-section {\\n        padding-bottom: 0;\\n    }\\n}\",\"image_position\":\"center-center\",\"overlap\":false,\"padding_remove_top\":true,\"style\":\"secondary\",\"title_breakpoint\":\"xl\",\"title_position\":\"top-left\",\"title_rotation\":\"left\",\"vertical_align\":\"middle\",\"width\":\"\"},\"children\":[{\"type\":\"row\",\"props\":{\"column_gap\":\"large\",\"layout\":\"1-2,1-2\",\"row_gap\":\"large\",\"vertical_align\":true},\"children\":[{\"type\":\"column\",\"props\":{\"image\":\"wp-content\\\/uploads\\\/news-04.jpg\",\"image_position\":\"center-center\",\"image_size\":\"cover\",\"position_sticky_breakpoint\":\"m\",\"vertical_align\":\"bottom\",\"width_medium\":\"1-2\"},\"children\":[{\"type\":\"panel\",\"props\":{\"block_align\":\"right\",\"block_align_breakpoint\":\"m\",\"block_align_fallback\":\"center\",\"content\":\"\",\"content_column_breakpoint\":\"m\",\"css\":\".el-element > a.uk-card {\\n  max-width: 300px;\\n  height: 300px;\\n  border-radius: 150px;\\n  display: flex !important;\\n  flex-direction: column;\\n  justify-content: center;\\n  transform: rotate(-12deg);\\n}\\n\\n.el-element > a.uk-card:hover {\\n\\tbox-shadow: rgb(38, 57, 77) 0px 20px 30px -10px;\\n}\\n\\n.el-element > a.uk-card:hover .el-link {\\n\\tcolor:#ef7171;\\n}\\n\\n.el-title, .el-meta {\\n    font-size:1.6rem;\\n\\tcolor:#fff;\\n\\tline-height:35px;\\n}\\n\\n.el-link {\\n\\tcolor:#fff;\\n}\\n\\n.uk-card {\\n    position: relative;\\n    z-index: 1;\\n}\\n\\n.uk-card::after {\\n    content: '';\\n    position: absolute;\\n    top: 50%;\\n    left: 50%;\\n    width: 100%;\\n    height: 100%;\\n    background: rgba(0, 0, 0, 0.1);\\n    border-radius: 50%;\\n    transform: translate(-50%, -50%) scale(1);\\n    animation: pulse 2s infinite;\\n    z-index: -1;\\n}\\n\\n@keyframes pulse {\\n    0% {\\n        transform: translate(-50%, -50%) scale(1);\\n        opacity: 1;\\n    }\\n    100% {\\n        transform: translate(-50%, -50%) scale(1.5);\\n        opacity: 0;\\n    }\\n}\",\"icon_width\":80,\"image_align\":\"top\",\"image_grid_breakpoint\":\"m\",\"image_grid_width\":\"1-2\",\"image_svg_color\":\"emphasis\",\"link\":\"https:\\\/\\\/www.complyant.ch\\\/fr\\\/legal-compliance\\\/#demobuchen\",\"link_margin\":\"small\",\"link_style\":\"link-text\",\"link_text\":\"R\\u00e9servez une d\\u00e9mo gratuite maintenant&nbsp;!\",\"margin\":\"medium\",\"maxwidth\":\"2xlarge\",\"meta\":\"\",\"meta_align\":\"below-title\",\"meta_element\":\"div\",\"meta_margin\":\"small\",\"meta_style\":\"text-meta\",\"panel_link\":true,\"panel_padding\":\"small\",\"panel_style\":\"card-primary\",\"position_top\":\"-600\",\"text_align\":\"center\",\"title\":\"Nous vous montrons comment faire.\",\"title_align\":\"top\",\"title_element\":\"div\",\"title_grid_breakpoint\":\"m\",\"title_grid_width\":\"1-2\",\"title_hover_style\":\"reset\",\"title_style\":\"h2\"},\"name\":\"CTA Bubble \\\/ gr\\u00fcn \\u2013 FR\"}]},{\"type\":\"column\",\"props\":{\"css\":\".el-column {\\n\\t\\tpadding:50px 25px 50px 50px;\\n}\\n\\n@media only screen and (min-width: 960px) {\\n\\t.el-column {\\n        padding:140px 25px 140px 50px;\\n}\",\"image_position\":\"center-center\",\"padding\":\"large\",\"position_sticky_breakpoint\":\"m\",\"style\":\"tile-secondary\",\"vertical_align\":\"middle\",\"width_medium\":\"1-2\"},\"children\":[{\"type\":\"headline\",\"props\":{\"block_align_breakpoint\":\"m\",\"block_align_fallback\":\"center\",\"content\":\"Nous r\\u00e9unissons \\u00e9conomie, l\\u00e9gislation et \\u00e9cologie\",\"margin_remove_top\":true,\"maxwidth\":\"xlarge\",\"text_align\":\"left\",\"text_align_breakpoint\":\"m\",\"text_align_fallback\":\"center\",\"title_element\":\"h1\",\"title_style\":\"heading-small\"}},{\"type\":\"headline\",\"props\":{\"block_align_breakpoint\":\"m\",\"block_align_fallback\":\"center\",\"content\":\"COMPLYANT est un produit de IPSO ECO AG. En tant qu'entreprise de conseil ind\\u00e9pendante depuis 1987, nous sommes sp\\u00e9cialis\\u00e9s dans la gestion environnementale et la durabilit\\u00e9 lors de la planification, de la construction et de l'exploitation.\",\"margin\":\"default\",\"maxwidth\":\"xlarge\",\"text_align\":\"left\",\"text_align_breakpoint\":\"m\",\"text_align_fallback\":\"center\",\"title_color\":\"primary\",\"title_element\":\"div\",\"title_style\":\"h3\"}},{\"type\":\"button\",\"props\":{\"block_align_breakpoint\":\"m\",\"block_align_fallback\":\"center\",\"grid_column_gap\":\"small\",\"grid_row_gap\":\"small\",\"margin\":\"medium\",\"margin_remove_top\":false,\"maxwidth\":\"xlarge\",\"text_align\":\"left\",\"text_align_breakpoint\":\"m\",\"text_align_fallback\":\"center\"},\"children\":[{\"type\":\"button_item\",\"props\":{\"button_style\":\"primary\",\"content\":\"L'\\u00e9quipe\",\"icon\":\"arrow-down\",\"icon_align\":\"right\",\"link\":\"#team\"}}],\"name\":\"Scrollbutton \\u2013 FR\"}]}]}]},{\"type\":\"section\",\"props\":{\"animation\":\"slide-left-small\",\"animation_delay\":\"100\",\"image_position\":\"center-center\",\"padding\":\"large\",\"style\":\"muted\",\"title_breakpoint\":\"xl\",\"title_position\":\"top-left\",\"title_rotation\":\"left\",\"vertical_align\":\"middle\",\"width\":\"default\"},\"children\":[{\"type\":\"row\",\"children\":[{\"type\":\"column\",\"props\":{\"image_position\":\"center-center\",\"position_sticky_breakpoint\":\"m\"},\"children\":[{\"name\":\"Grid Parallax\",\"type\":\"grid\",\"children\":[{\"type\":\"grid_item\",\"props\":{\"content\":\"\n\n<p>Nous concilions les int\\u00e9r\\u00eats \\u00e9conomiques de nos clients avec les exigences de l'environnement et de la l\\u00e9gislation environnementale.<\\\/p>\",\"image\":\"wp-content\\\/uploads\\\/2022\\\/08\\\/praxisorientiert.svg\",\"title\":\"Orient\\u00e9 vers les solutions\"}},{\"type\":\"grid_item\",\"props\":{\"content\":\"\n\n<p>Nous contribuons de mani\\u00e8re pratique \\u00e0 la r\\u00e9alisation d'un d\\u00e9veloppement durable de l'entreprise (SDGs). Gr\\u00e2ce \\u00e0 nous, nos clients b\\u00e9n\\u00e9ficient d'une base solide dans ce domaine.<\\\/p>\",\"image\":\"wp-content\\\/uploads\\\/2022\\\/08\\\/wirtschaftsorientiert.svg\",\"title\":\"Objectifs de durabilit\\u00e9 de l'entreprise\"}},{\"type\":\"grid_item\",\"props\":{\"content\":\"\n\n<p>Notre vaste r\\u00e9seau dans l'industrie et les autorit\\u00e9s ainsi que nos activit\\u00e9s au sein de diff\\u00e9rentes associations nous donnent une avance constante en mati\\u00e8re de connaissances.<\\\/p>\",\"image\":\"wp-content\\\/uploads\\\/2022\\\/08\\\/vernetzt.svg\",\"title\":\"Un r\\u00e9seau de qualit\\u00e9\"}},{\"type\":\"grid_item\",\"props\":{\"content\":\"\n\n<p>Nous connaissons les crit\\u00e8res juridiques \\u00e0 venir. Nous vous conseillons de telle sorte qu'en mati\\u00e8re d'environnement, vous soyez pr\\u00eats d\\u00e8s aujourd'hui pour les t\\u00e2ches de demain.<\\\/p>\",\"image\":\"wp-content\\\/uploads\\\/2022\\\/08\\\/zukunftsorientiert.svg\",\"title\":\"Tourn\\u00e9 vers l'avenir\"}}],\"props\":{\"content_column_breakpoint\":\"m\",\"filter_align\":\"left\",\"filter_all\":true,\"filter_grid_breakpoint\":\"m\",\"filter_grid_width\":\"auto\",\"filter_position\":\"top\",\"filter_style\":\"tab\",\"grid_default\":\"1\",\"grid_medium\":\"4\",\"grid_parallax\":\"0\",\"grid_small\":\"2\",\"icon_width\":80,\"id\":\"grid-parallax\",\"image_align\":\"top\",\"image_grid_breakpoint\":\"m\",\"image_grid_width\":\"1-2\",\"image_height\":\"70\",\"image_svg_animate\":true,\"image_svg_color\":\"primary\",\"image_svg_inline\":true,\"image_width\":\"70\",\"item_animation\":true,\"link_style\":\"text\",\"link_text\":\"Read more\",\"margin\":\"default\",\"meta_align\":\"below-title\",\"meta_element\":\"div\",\"meta_style\":\"text-meta\",\"panel_padding\":\"default\",\"panel_style\":\"card-default\",\"parallax_breakpoint\":\"m\",\"parallax_easing\":\"1\",\"show_content\":true,\"show_image\":true,\"show_link\":true,\"show_meta\":true,\"show_title\":true,\"title_align\":\"top\",\"title_element\":\"h3\",\"title_grid_breakpoint\":\"m\",\"title_grid_width\":\"1-2\",\"title_hover_style\":\"reset\"}}]}]}],\"name\":\"Vorteile\"},{\"type\":\"section\",\"props\":{\"animation\":\"slide-left-small\",\"animation_delay\":\"100\",\"image_position\":\"center-center\",\"padding\":\"large\",\"padding_remove_bottom\":false,\"padding_remove_top\":false,\"style\":\"default\",\"title_breakpoint\":\"xl\",\"title_position\":\"top-left\",\"title_rotation\":\"left\",\"vertical_align\":\"middle\",\"width\":\"default\"},\"children\":[{\"type\":\"row\",\"props\":{\"column_gap\":\"large\",\"layout\":\"3-5,2-5\",\"row_gap\":\"large\"},\"children\":[{\"type\":\"column\",\"props\":{\"image_position\":\"center-center\",\"position_sticky_breakpoint\":\"m\",\"width_medium\":\"3-5\"},\"children\":[{\"type\":\"text\",\"props\":{\"column_breakpoint\":\"m\",\"content\":\"\n\n<p class=\\\"uk-text-lead\\\">IPSO ECO est une entreprise suisse ind\\u00e9pendante de conseil en gestion environnementale et en durabilit\\u00e9. Nous sommes l'interlocuteur comp\\u00e9tent pour toutes les entreprises dont les produits ou les services ont un impact sur l'environnement. Nous les accompagnons de la planification \\u00e0 l'exploitation et au d\\u00e9mant\\u00e8lement, en passant par la construction.<\\\/p>\\n\n\n<div>\\n\n\n<p>Nous sommes une \\u00e9quipe de professionnels bien connect\\u00e9s. Nous mettons nos connaissances et notre exp\\u00e9rience au service du d\\u00e9veloppement de solutions d'avenir pour les entreprises.<\\\/p>\\n\n\n<p>Pour ce faire, nous analysons la situation de d\\u00e9part et d\\u00e9veloppons des solutions sur mesure. Ainsi, les entreprises des secteurs les plus divers peuvent satisfaire \\u00e0 toutes les directives et crit\\u00e8res pertinents en mati\\u00e8re d'\\u00e9cologie, de gestion d'entreprise et de droit de l'environnement.<\\\/p>\\n<\\\/div>\",\"margin\":\"medium\"}}]},{\"type\":\"column\",\"props\":{\"image_position\":\"center-center\",\"position_sticky\":\"column\",\"position_sticky_breakpoint\":\"m\",\"position_sticky_offset\":\"150\",\"width_medium\":\"2-5\"},\"children\":[{\"type\":\"image\",\"props\":{\"css\":\".el-image {\\n\\tpadding-top:5px;\\n}\",\"image\":\"wp-content\\\/uploads\\\/2022\\\/08\\\/ipsoeco_logo_rgb_rz.svg\",\"image_svg_color\":\"emphasis\",\"image_width\":\"350\",\"margin\":\"default\"}}]}]}],\"name\":\"Body\"},{\"type\":\"section\",\"props\":{\"id\":\"team\",\"image_position\":\"center-center\",\"padding_remove_bottom\":false,\"padding_remove_top\":true,\"style\":\"default\",\"title_breakpoint\":\"xl\",\"title_position\":\"top-left\",\"title_rotation\":\"left\",\"vertical_align\":\"middle\",\"width\":\"default\"},\"children\":[{\"type\":\"row\",\"children\":[{\"type\":\"column\",\"props\":{\"image_position\":\"center-center\",\"position_sticky_breakpoint\":\"m\"},\"children\":[{\"type\":\"grid\",\"props\":{\"content_column_breakpoint\":\"m\",\"filter_align\":\"left\",\"filter_all\":true,\"filter_grid_breakpoint\":\"m\",\"filter_grid_width\":\"auto\",\"filter_position\":\"top\",\"filter_style\":\"tab\",\"grid_column_align\":true,\"grid_default\":\"1\",\"grid_medium\":\"2\",\"icon_width\":80,\"image_align\":\"left\",\"image_grid_breakpoint\":\"\",\"image_grid_width\":\"2-5\",\"image_link\":false,\"image_svg_color\":\"emphasis\",\"image_vertical_align\":true,\"image_width\":\"610\",\"item_animation\":true,\"link_margin\":\"xlarge\",\"link_style\":\"default\",\"link_text\":\"<span uk-icon=\\\"icon: arrow-right; ratio: 1.4\\\"><\\\/span>\",\"margin\":\"default\",\"meta_align\":\"below-title\",\"meta_color\":\"primary\",\"meta_element\":\"div\",\"meta_margin\":\"small\",\"meta_style\":\"h6\",\"panel_image_no_padding\":true,\"panel_link\":true,\"panel_padding\":\"default\",\"panel_style\":\"card-default\",\"parallax_easing\":\"1\",\"position\":\"relative\",\"position_z_index\":\"1\",\"show_content\":true,\"show_image\":true,\"show_link\":true,\"show_meta\":true,\"show_title\":true,\"title_align\":\"top\",\"title_element\":\"h2\",\"title_grid_breakpoint\":\"m\",\"title_grid_width\":\"1-2\",\"title_hover_style\":\"reset\",\"title_link\":false,\"title_style\":\"h2\"},\"children\":[{\"type\":\"grid_item\",\"props\":{\"image\":\"wp-content\\\/uploads\\\/2026\\\/02\\\/2026_01_27_IPSO_0507_Niklaus_Renner.jpg\",\"meta\":\"Chef de projet Compliance Management Services \\\/ Auditeur SENSeRecycling \\\/ dipl\\u00f4m\\u00e9 en sciences naturelles de l'environnement ETH\",\"title\":\"Niklaus Renner\"}},{\"type\":\"grid_item\",\"props\":{\"image\":\"wp-content\\\/uploads\\\/2026\\\/02\\\/2026_01_27_IPSO_0310_Patrik_Affentranger.jpg\",\"meta\":\"Directeur \\\/ Sp\\u00e9cialiste dipl\\u00f4m\\u00e9 de la nature et de l'environnement ES\",\"title\":\"Patrik Affentranger\"}},{\"type\":\"grid_item\",\"props\":{\"image\":\"wp-content\\\/uploads\\\/2026\\\/02\\\/2026_01_27_IPSO_0355_Thekla_Scherer.jpg\",\"meta\":\"Chef de projet RIE \\\/ SER \\\/ Protection de l'air \\\/ dipl\\u00f4m\\u00e9e en sciences naturelles de l'environnement ETH\",\"title\":\"Thekla Scherer\"}},{\"type\":\"grid_item\",\"props\":{\"image\":\"wp-content\\\/uploads\\\/2026\\\/02\\\/2026_01_27_IPSO_0572_Jiri_Jordan.jpg\",\"meta\":\"Chef de projet protection contre le bruit \\\/ biologiste dipl\\u00f4m\\u00e9 UZH\",\"title\":\"Jir\\u00ed Jord\\u00e1n\"}},{\"type\":\"grid_item\",\"props\":{\"image\":\"wp-content\\\/uploads\\\/2026\\\/02\\\/2026_01_28_IPSO_0708_Marcel_Gabriel.jpg\",\"meta\":\"Chef de projet Incident \\\/ Risque Ing\\u00e9nieur en environnement dipl\\u00f4m\\u00e9 ETH\",\"title\":\"Marcel Gabriel\"}},{\"type\":\"grid_item\",\"props\":{\"image\":\"wp-content\\\/uploads\\\/2026\\\/02\\\/2026_01_28_IPSO_0916_Christian_Gurtner.jpg\",\"meta\":\"Chef du d\\u00e9partement d\\u00e9construction et \\u00e9limination des d\\u00e9chets Sp\\u00e9cialiste de la vente avec brevet f\\u00e9d\\u00e9ral\",\"title\":\"Christian Gurtner\"}}],\"modified\":\"2021-07-27T08:22:49.412Z\"}]}],\"props\":{\"width\":\"large\"}}],\"name\":\"Mitarbeiterinnen\"},{\"type\":\"section\",\"props\":{\"animation\":\"slide-left-small\",\"animation_delay\":\"100\",\"image_position\":\"center-center\",\"padding\":\"large\",\"padding_remove_top\":false,\"style\":\"default\",\"title_breakpoint\":\"xl\",\"title_position\":\"top-left\",\"title_rotation\":\"left\",\"vertical_align\":\"middle\",\"width\":\"default\"},\"children\":[{\"type\":\"row\",\"children\":[{\"type\":\"column\",\"props\":{\"image_position\":\"center-center\",\"position_sticky_breakpoint\":\"m\"},\"children\":[{\"type\":\"grid\",\"props\":{\"content_column_breakpoint\":\"m\",\"content_margin\":\"small\",\"filter_align\":\"left\",\"filter_all\":true,\"filter_grid_breakpoint\":\"m\",\"filter_grid_width\":\"auto\",\"filter_position\":\"top\",\"filter_style\":\"tab\",\"grid_column_align\":false,\"grid_column_gap\":\"large\",\"grid_default\":\"2\",\"grid_medium\":\"\",\"grid_row_align\":false,\"grid_row_gap\":\"large\",\"icon_width\":80,\"image_align\":\"left\",\"image_grid_breakpoint\":\"m\",\"image_grid_width\":\"auto\",\"image_svg_animate\":false,\"image_svg_color\":\"emphasis\",\"image_svg_inline\":false,\"image_vertical_align\":true,\"image_width\":\"115\",\"item_animation\":true,\"link_style\":\"default\",\"link_text\":\"Read more\",\"margin\":\"medium\",\"margin_remove_bottom\":false,\"meta_align\":\"below-title\",\"meta_element\":\"div\",\"meta_style\":\"text-meta\",\"parallax_easing\":\"1\",\"position\":\"relative\",\"position_z_index\":\"1\",\"show_content\":true,\"show_image\":true,\"show_link\":true,\"show_meta\":true,\"show_title\":true,\"text_align\":\"left\",\"text_align_breakpoint\":\"m\",\"text_align_fallback\":\"center\",\"title_align\":\"top\",\"title_element\":\"h3\",\"title_grid_breakpoint\":\"m\",\"title_grid_width\":\"1-2\",\"title_hover_style\":\"reset\",\"title_style\":\"h4\"},\"children\":[{\"type\":\"grid_item\",\"props\":{\"content\":\"\",\"image\":\"wp-content\\\/uploads\\\/2022\\\/08\\\/swissness_square.svg\",\"title\":\"D\\u00e9velopp\\u00e9 et h\\u00e9berg\\u00e9 en Suisse\"}},{\"type\":\"grid_item\",\"props\":{\"content\":\"\",\"image\":\"wp-content\\\/uploads\\\/2022\\\/08\\\/iso.svg\",\"title\":\"Align\\u00e9 sur les syst\\u00e8mes de gestion ISO 14001:2015 et ISO 45001:2018\"}},{\"type\":\"grid_item\",\"props\":{\"content\":\"\",\"image\":\"wp-content\\\/uploads\\\/2022\\\/08\\\/compliant.svg\",\"title\":\"Applicable aux directives de conformit\\u00e9 internes ou \\u00e0 l'\\u00e9valuation g\\u00e9n\\u00e9rale de la situation\"}},{\"type\":\"grid_item\",\"props\":{\"content\":\"\",\"image\":\"wp-content\\\/uploads\\\/2022\\\/08\\\/reputation.svg\",\"title\":\"Influence positivement la gouvernance d'entreprise et la r\\u00e9putation de l'entreprise\"}}],\"name\":\"Gr\\u00fcnde f\\u00fcr COMPLYANT\"}]}]}],\"name\":\"Argumente\"}],\"version\":\"4.3.6\"} --><\/p>\n","protected":false},"excerpt":{"rendered":"<p>Nous vous montrons comment faire. R\u00e9servez une d\u00e9mo gratuite maintenant&nbsp;! Nous r\u00e9unissons \u00e9conomie, l\u00e9gislation et \u00e9cologie COMPLYANT est un produit de IPSO ECO AG. En tant qu&rsquo;entreprise de conseil ind\u00e9pendante depuis 1987, nous sommes sp\u00e9cialis\u00e9s dans la gestion environnementale et la durabilit\u00e9 lors de la planification, de la construction et de l&rsquo;exploitation. L&rsquo;\u00e9quipe Orient\u00e9 vers [&hellip;]<\/p>\n","protected":false},"author":1,"featured_media":0,"parent":0,"menu_order":6,"comment_status":"closed","ping_status":"closed","template":"","meta":{"_acf_changed":false,"footnotes":""},"class_list":["post-1989","page","type-page","status-publish","hentry"],"acf":[],"_links":{"self":[{"href":"https:\/\/www.complyant.ch\/fr\/wp-json\/wp\/v2\/pages\/1989","targetHints":{"allow":["GET"]}}],"collection":[{"href":"https:\/\/www.complyant.ch\/fr\/wp-json\/wp\/v2\/pages"}],"about":[{"href":"https:\/\/www.complyant.ch\/fr\/wp-json\/wp\/v2\/types\/page"}],"author":[{"embeddable":true,"href":"https:\/\/www.complyant.ch\/fr\/wp-json\/wp\/v2\/users\/1"}],"replies":[{"embeddable":true,"href":"https:\/\/www.complyant.ch\/fr\/wp-json\/wp\/v2\/comments?post=1989"}],"version-history":[{"count":22,"href":"https:\/\/www.complyant.ch\/fr\/wp-json\/wp\/v2\/pages\/1989\/revisions"}],"predecessor-version":[{"id":4702,"href":"https:\/\/www.complyant.ch\/fr\/wp-json\/wp\/v2\/pages\/1989\/revisions\/4702"}],"wp:attachment":[{"href":"https:\/\/www.complyant.ch\/fr\/wp-json\/wp\/v2\/media?parent=1989"}],"curies":[{"name":"wp","href":"https:\/\/api.w.org\/{rel}","templated":true}]}}